{"id":1663,"date":"2020-01-17T23:46:51","date_gmt":"2020-01-17T22:46:51","guid":{"rendered":"https:\/\/campinghvarkopito.com\/?page_id=1663"},"modified":"2020-01-17T23:48:44","modified_gmt":"2020-01-17T22:48:44","slug":"pravila-zastite-podataka","status":"publish","type":"page","link":"https:\/\/campinghvarkopito.com\/hr\/pravila-zastite-podataka\/","title":{"rendered":"Pravila za\u0161tite podataka"},"content":{"rendered":"<p style=\"text-align: justify;\">Kamp Kopito koji je vlasnik web stranice www.confida.consulting\u00a0 je svjestan da je za\u0161tita osobnih podataka i povjerljivost istih vrlo va\u017ena na\u0161im korisnicima. Stoga bismo Vam \u017eeljeli prikazati koje podatke prikupljamo i kako njima upravljamo.<\/p>\n<p style=\"text-align: justify;\"><strong>Informacije koje prikupljamo<\/strong><\/p>\n<p style=\"text-align: justify;\">Osobni podaci su informacije koje Vas identificiraju, poput Va\u0161eg imena, e-maila ili po\u0161tanske adrese. Kamp Kopito ne prikuplja Va\u0161e osobne podatke ako nam ih izri\u010dito ne ustupite prilikom prijave na na\u0161oj internetskoj stranici i pristanete na njihovu uporabu.<\/p>\n<p style=\"text-align: justify;\">Informacije prikupljene tijekom prijave na obrazac na internetskoj stranici https:\/\/campinghvarkopito.com\/koriste se u svrhu \u00a0pru\u017eanja bolje usluge svim na\u0161im korisnicima podataka i informacija koji se nalaze na ovoj internetskoj stranici.<\/p>\n<p style=\"text-align: justify;\"><strong>Poruke u elektroni\u010dkom obliku<\/strong><\/p>\n<p style=\"text-align: justify;\">Kada nam \u0161aljete elektroni\u010dku po\u0161tu (<em>e-mail<\/em>) s Va\u0161im osobnim podacima po kojima Vas je mogu\u0107e identificirati, bez obzira na to radi li se o elektroni\u010dkoj po\u0161ti s pitanjem ili komentarom ili to \u010dinite putem obrasca koji se nalazi na internetskim stranicama www.confida.consulting, a koji nam dostavljate elektroni\u010dkom po\u0161tom, mi te podatke koristimo samo u svrhu ispunjenja Va\u0161ih zahtjeva. Uslijed navedenog, Va\u0161a elektroni\u010dka poruka, odnosno obrazac, mo\u017ee biti proslije\u0111en na postupanje drugim djelatnicima Kampa Kopito\u00a0 sve u svrhu udovoljenja Va\u0161em zahtjevu.<\/p>\n<p style=\"text-align: justify;\"><strong>Kola\u010di\u0107i<\/strong><\/p>\n<p style=\"text-align: justify;\">Ova internetska stranica koristi kola\u010di\u0107e, u svrhu pru\u017eanja najboljeg mogu\u0107eg korisni\u010dkog iskustva.\u00a0Vi\u0161e \u00a0informacija o tome koje kola\u010di\u0107e koristimo i kako ih isklju\u010diti mo\u017eete saznati \u00a0na ovoj internetskoj stranici\u00a0u trenutku prihva\u0107anja istih.<\/p>\n<p style=\"text-align: justify;\"><strong>Ograni\u010denje odgovornosti<\/strong><\/p>\n<p style=\"text-align: justify;\">Iako poduzimamo sve dostupne tehni\u010dke, organizacijske i kadrovske mjere u cilju spre\u010davanja neovla\u0161tenog otkrivanja Va\u0161ih osobnih podataka, ne mo\u017eemo jam\u010diti da neki od osobnih podataka koje prikupljamo ne\u0107e nikada biti slu\u010dajno otkriveni, suprotno odredbama ovih Pravila za\u0161tite privatnosti. Do najve\u0107e mjere dopu\u0161tene zakonom isklju\u010dujemo odgovornost za \u0161tetu nanesenu korisnicima ili tre\u0107im osobama slu\u010dajnim otkrivanjem osobnih podataka.<\/p>\n<p style=\"text-align: justify;\">Budu\u0107i da nemamo kontrolu nad osobnim podacima koje dostavljate prilikom pristupa ili kori\u0161tenja drugih portala, odnosno izravno tre\u0107im osobama (npr. kod sudjelovanja u sponzoriranim aktivnostima), do najve\u0107e mjere dopu\u0161tene zakonom isklju\u010dujemo odgovornost za \u0161tetu koja mo\u017ee nastati Vama ili tre\u0107im osobama zbog dostavljanja osobnih podataka na taj na\u010din.<\/p>\n<p style=\"text-align: justify;\"><strong>Na\u010din upotrebe prikupljenih informacija<\/strong><\/p>\n<p style=\"text-align: justify;\">Informacije koje prikupljamo iz svih svojih usluga upotrebljavamo za pru\u017eanje, odr\u017eavanje, za\u0161titu i pobolj\u0161anje tih istih usluga, za razvoj novih usluga i baze znanja te za za\u0161titu Kampa Kopito i svih korisnika. Ako dajete izri\u010diti pristanak za kori\u0161tenje Va\u0161ih osobnih podataka u svrhu dobivanja obavijesti i informacija, Va\u0161i osobni podaci biti \u0107e pohranjeni i kontinuirano kori\u0161teni u takve svrhe, sve putem e-maila ili po\u0161te ili bilo kojeg drugog komunikacijskog kanala na koji ste pristali.<\/p>\n<p style=\"text-align: justify;\"><strong>Informacije koje dijelite<\/strong><\/p>\n<p style=\"text-align: justify;\">Upamtite, kada javno dijelite informacije, tra\u017eilice ih mogu indeksirati, \u0161to uklju\u010duje i Google.<\/p>\n<p style=\"text-align: justify;\"><strong>Povla\u010denje pristanka<\/strong><\/p>\n<p style=\"text-align: justify;\">Svoj pristanak za kori\u0161tenje Va\u0161ih osobnih podataka mo\u017eete u cijelosti ili djelomi\u010dno povu\u0107i u bilo kojem trenutku s budu\u0107im u\u010dinkom. Va\u0161i \u0107e podaci biti izbrisani po primitku zahtjeva za povla\u010denje putem e-maila: <a href=\"mailto:campkopito@gmail.com\">campkopito@gmail.com<\/a><\/p>\n<p style=\"text-align: justify;\"><strong>Pravo na informacije<\/strong><\/p>\n<p style=\"text-align: justify;\">Na Va\u0161 \u0107emo Vas zahtjev pravovremeno obavijestiti o tome jesmo li i koje smo od Va\u0161ih osobnih podataka prikupili tijekom Va\u0161eg posjeta na\u0161oj internetskoj stranici. Molimo Vas da po mogu\u0107nosti usmjerite upite na gore navedenu adresu.<\/p>\n<p style=\"text-align: justify;\"><strong>Sigurnost informacija<\/strong><\/p>\n<p style=\"text-align: justify;\">Poduzeli smo tehni\u010dke i organizacijske mjere kako bismo Va\u0161e podatke za\u0161titili od gubitka, izmjene, kra\u0111e ili pristupa neovla\u0161tenih tre\u0107ih osoba.<\/p>\n<p style=\"text-align: justify;\"><strong>Nacionalno zakonodavstvo \u2013<\/strong>\u00a0Sve dokumente mo\u017eete pogledati na internet stranicama\u00a0<a href=\"https:\/\/www.nn.hr\/\">Narodnih novina<\/a>:<\/p>\n<ul style=\"text-align: justify;\">\n<li>Ustav RH, \u010dlanak 37. (Narodne novine 85\/10 \u2013 pro\u010di\u0161\u0107eni tekst i 5\/14)<\/li>\n<li>Zakon o za\u0161titi osobnih podataka (\u201cNarodne novine\u201d 106\/12 \u2013 pro\u010di\u0161\u0107eni tekst)<\/li>\n<li>Zakon o za\u0161titi osobnih podataka (\u201cNarodne novine\u201d 103\/03)<\/li>\n<li>Zakon o dopunama Zakona o za\u0161titi osobnih podataka (\u201cNarodne novine\u201d 118\/06)<\/li>\n<li>Zakon o izmjenama i dopunama Zakona o za\u0161titi osobnih podataka (\u201cNarodne novine\u201d 41\/08)<\/li>\n<li>Zakon o provedbi Op\u0107e uredbe o za\u0161titi podataka (Narodne novine br. 42\/2018)<\/li>\n<li>Uredba o na\u010dinu vo\u0111enja i obrascu evidencije o zbirkama osobnih podataka (\u201cNarodne novine\u201d 105\/04)<\/li>\n<li>Uredba o na\u010dinu pohranjivanja i posebnim mjerama tehni\u010dke za\u0161tite posebnih kategorija osobnih podataka (\u201cNarodne novine\u201d 139\/04)<\/li>\n<\/ul>\n<p style=\"text-align: justify;\">EU Regulative<\/p>\n<ul>\n<li style=\"text-align: justify;\"><a href=\"https:\/\/www.eugdpr.org\/\">General Data Protection Regulation (GDPR)<\/a><\/li>\n<li style=\"text-align: justify;\"><a href=\"http:\/\/eur-lex.europa.eu\/LexUriServ\/LexUriServ.do?uri=OJ:L:2009:337:0011:0036:en:PDF\">EU Cookie law<\/a><\/li>\n<\/ul>\n","protected":false},"excerpt":{"rendered":"<p>Kamp Kopito koji je vlasnik web stranice www.confida.consulting\u00a0 je svjestan da je za\u0161tita osobnih podataka i povjerljivost istih vrlo va\u017ena na\u0161im korisnicima. Stoga bismo Vam \u017eeljeli prikazati koje podatke prikupljamo i kako njima upravljamo. Informacije koje prikupljamo Osobni podaci su informacije koje Vas identificiraju, poput Va\u0161eg imena, e-maila ili po\u0161tanske adrese. Kamp Kopito ne prikuplja [&hellip;]<\/p>\n","protected":false},"author":2,"featured_media":0,"parent":0,"menu_order":0,"comment_status":"closed","ping_status":"closed","template":"","meta":{"_seopress_robots_primary_cat":"","_seopress_titles_title":"PRAVILA ZA\u0160TITE PODATAKA I Kamp Kopito","_seopress_titles_desc":"Pravila za\u0161tite podataka Kampa Kopito.","_seopress_robots_index":"","site-sidebar-layout":"no-sidebar","site-content-layout":"plain-container","ast-site-content-layout":"default","site-content-style":"default","site-sidebar-style":"default","ast-global-header-display":"","ast-banner-title-visibility":"","ast-main-header-display":"","ast-hfb-above-header-display":"","ast-hfb-below-header-display":"","ast-hfb-mobile-header-display":"","site-post-title":"","ast-breadcrumbs-content":"","ast-featured-img":"disabled","footer-sml-layout":"","ast-disable-related-posts":"","theme-transparent-header-meta":"default","adv-header-id-meta":"","stick-header-meta":"default","header-above-stick-meta":"","header-main-stick-meta":"","header-below-stick-meta":"","astra-migrate-meta-layouts":"default","ast-page-background-enabled":"default","ast-page-background-meta":{"desktop":{"background-color":"","background-image":"","background-repeat":"repeat","background-position":"center center","background-size":"auto","background-attachment":"scroll","background-type":"","background-media":"","overlay-type":"","overlay-color":"","overlay-opacity":"","overlay-gradient":""},"tablet":{"background-color":"","background-image":"","background-repeat":"repeat","background-position":"center center","background-size":"auto","background-attachment":"scroll","background-type":"","background-media":"","overlay-type":"","overlay-color":"","overlay-opacity":"","overlay-gradient":""},"mobile":{"background-color":"","background-image":"","background-repeat":"repeat","background-position":"center center","background-size":"auto","background-attachment":"scroll","background-type":"","background-media":"","overlay-type":"","overlay-color":"","overlay-opacity":"","overlay-gradient":""}},"ast-content-background-meta":{"desktop":{"background-color":"var(--ast-global-color-5)","background-image":"","background-repeat":"repeat","background-position":"center center","background-size":"auto","background-attachment":"scroll","background-type":"","background-media":"","overlay-type":"","overlay-color":"","overlay-opacity":"","overlay-gradient":""},"tablet":{"background-color":"var(--ast-global-color-5)","background-image":"","background-repeat":"repeat","background-position":"center center","background-size":"auto","background-attachment":"scroll","background-type":"","background-media":"","overlay-type":"","overlay-color":"","overlay-opacity":"","overlay-gradient":""},"mobile":{"background-color":"var(--ast-global-color-5)","background-image":"","background-repeat":"repeat","background-position":"center center","background-size":"auto","background-attachment":"scroll","background-type":"","background-media":"","overlay-type":"","overlay-color":"","overlay-opacity":"","overlay-gradient":""}},"footnotes":""},"class_list":["post-1663","page","type-page","status-publish","hentry"],"_links":{"self":[{"href":"https:\/\/campinghvarkopito.com\/hr\/wp-json\/wp\/v2\/pages\/1663","targetHints":{"allow":["GET"]}}],"collection":[{"href":"https:\/\/campinghvarkopito.com\/hr\/wp-json\/wp\/v2\/pages"}],"about":[{"href":"https:\/\/campinghvarkopito.com\/hr\/wp-json\/wp\/v2\/types\/page"}],"author":[{"embeddable":true,"href":"https:\/\/campinghvarkopito.com\/hr\/wp-json\/wp\/v2\/users\/2"}],"replies":[{"embeddable":true,"href":"https:\/\/campinghvarkopito.com\/hr\/wp-json\/wp\/v2\/comments?post=1663"}],"version-history":[{"count":1,"href":"https:\/\/campinghvarkopito.com\/hr\/wp-json\/wp\/v2\/pages\/1663\/revisions"}],"predecessor-version":[{"id":1664,"href":"https:\/\/campinghvarkopito.com\/hr\/wp-json\/wp\/v2\/pages\/1663\/revisions\/1664"}],"wp:attachment":[{"href":"https:\/\/campinghvarkopito.com\/hr\/wp-json\/wp\/v2\/media?parent=1663"}],"curies":[{"name":"wp","href":"https:\/\/api.w.org\/{rel}","templated":true}]}}